{"id":196,"date":"2025-04-05T18:48:01","date_gmt":"2025-04-05T16:48:01","guid":{"rendered":"https:\/\/vanessamagan.fr\/?page_id=196"},"modified":"2025-09-28T19:53:54","modified_gmt":"2025-09-28T17:53:54","slug":"coaching","status":"publish","type":"page","link":"https:\/\/vanessamagan.fr\/index.php\/coaching\/","title":{"rendered":"COACHING"},"content":{"rendered":"\t\t<div data-elementor-type=\"wp-page\" data-elementor-id=\"196\" class=\"elementor elementor-196\">\n\t\t\t\t<div class=\"elementor-element elementor-element-21fd010 e-flex e-con-boxed e-con e-parent\" data-id=\"21fd010\" data-element_type=\"container\">\n\t\t\t\t\t<div class=\"e-con-inner\">\n\t\t\t\t<div class=\"elementor-element elementor-element-49e8759 elementor-widget__width-inherit elementor-widget elementor-widget-image\" data-id=\"49e8759\" data-element_type=\"widget\" data-widget_type=\"image.default\">\n\t\t\t\t<div class=\"elementor-widget-container\">\n\t\t\t\t\t\t\t\t\t\t\t\t\t\t\t<img fetchpriority=\"high\" decoding=\"async\" width=\"1536\" height=\"384\" src=\"https:\/\/vanessamagan.fr\/wp-content\/uploads\/2025\/07\/1-1536x384.jpg\" class=\"attachment-1536x1536 size-1536x1536 wp-image-494\" alt=\"\" srcset=\"https:\/\/vanessamagan.fr\/wp-content\/uploads\/2025\/07\/1-1536x384.jpg 1536w, https:\/\/vanessamagan.fr\/wp-content\/uploads\/2025\/07\/1-300x75.jpg 300w, https:\/\/vanessamagan.fr\/wp-content\/uploads\/2025\/07\/1-1024x256.jpg 1024w, https:\/\/vanessamagan.fr\/wp-content\/uploads\/2025\/07\/1-768x192.jpg 768w, https:\/\/vanessamagan.fr\/wp-content\/uploads\/2025\/07\/1.jpg 1584w\" sizes=\"(max-width: 1536px) 100vw, 1536px\" \/>\t\t\t\t\t\t\t\t\t\t\t\t\t\t\t<\/div>\n\t\t\t\t<\/div>\n\t\t\t\t\t<\/div>\n\t\t\t\t<\/div>\n\t\t<div class=\"elementor-element elementor-element-0ccbc7f e-flex e-con-boxed e-con e-parent\" data-id=\"0ccbc7f\" data-element_type=\"container\">\n\t\t\t\t\t<div class=\"e-con-inner\">\n\t\t\t\t<div class=\"elementor-element elementor-element-a920a87 elementor-widget elementor-widget-heading\" data-id=\"a920a87\" data-element_type=\"widget\" data-widget_type=\"heading.default\">\n\t\t\t\t<div class=\"elementor-widget-container\">\n\t\t\t\t\t<h2 class=\"elementor-heading-title elementor-size-default\">\"Le plus grand des voyages commence toujours par un pas\"<\/h2>\t\t\t\t<\/div>\n\t\t\t\t<\/div>\n\t\t\t\t<div class=\"elementor-element elementor-element-dbbf82b elementor-widget elementor-widget-spacer\" data-id=\"dbbf82b\" data-element_type=\"widget\" data-widget_type=\"spacer.default\">\n\t\t\t\t<div class=\"elementor-widget-container\">\n\t\t\t\t\t\t\t<div class=\"elementor-spacer\">\n\t\t\t<div class=\"elementor-spacer-inner\"><\/div>\n\t\t<\/div>\n\t\t\t\t\t\t<\/div>\n\t\t\t\t<\/div>\n\t\t\t\t\t<\/div>\n\t\t\t\t<\/div>\n\t\t<div class=\"elementor-element elementor-element-c7286e6 e-flex e-con-boxed e-con e-parent\" data-id=\"c7286e6\" data-element_type=\"container\">\n\t\t\t\t\t<div class=\"e-con-inner\">\n\t\t\t\t<div class=\"elementor-element elementor-element-145eed1 elementor-widget elementor-widget-text-editor\" data-id=\"145eed1\" data-element_type=\"widget\" data-widget_type=\"text-editor.default\">\n\t\t\t\t<div class=\"elementor-widget-container\">\n\t\t\t\t\t\t\t\t\t<p>&#8211; Lao Tseu<\/p>\t\t\t\t\t\t\t\t<\/div>\n\t\t\t\t<\/div>\n\t\t\t\t\t<\/div>\n\t\t\t\t<\/div>\n\t\t<div class=\"elementor-element elementor-element-63c2e3a e-flex e-con-boxed e-con e-parent\" data-id=\"63c2e3a\" data-element_type=\"container\">\n\t\t\t\t\t<div class=\"e-con-inner\">\n\t\t\t\t<div class=\"elementor-element elementor-element-64622b4 elementor-hidden-mobile elementor-widget elementor-widget-spacer\" data-id=\"64622b4\" data-element_type=\"widget\" data-widget_type=\"spacer.default\">\n\t\t\t\t<div class=\"elementor-widget-container\">\n\t\t\t\t\t\t\t<div class=\"elementor-spacer\">\n\t\t\t<div class=\"elementor-spacer-inner\"><\/div>\n\t\t<\/div>\n\t\t\t\t\t\t<\/div>\n\t\t\t\t<\/div>\n\t\t\t\t\t<\/div>\n\t\t\t\t<\/div>\n\t\t<div class=\"elementor-element elementor-element-70ffe40 e-flex e-con-boxed e-con e-parent\" data-id=\"70ffe40\" data-element_type=\"container\">\n\t\t\t\t\t<div class=\"e-con-inner\">\n\t\t<div class=\"elementor-element elementor-element-d51f5c1 e-con-full e-flex e-con e-child\" data-id=\"d51f5c1\" data-element_type=\"container\">\n\t\t\t\t<div class=\"elementor-element elementor-element-c3f2b2c elementor-widget elementor-widget-image\" data-id=\"c3f2b2c\" data-element_type=\"widget\" data-widget_type=\"image.default\">\n\t\t\t\t<div class=\"elementor-widget-container\">\n\t\t\t\t\t\t\t\t\t\t\t\t\t\t\t<img decoding=\"async\" width=\"404\" height=\"498\" src=\"https:\/\/vanessamagan.fr\/wp-content\/uploads\/2025\/04\/Image-2.jpg\" class=\"attachment-1536x1536 size-1536x1536 wp-image-115\" alt=\"\" srcset=\"https:\/\/vanessamagan.fr\/wp-content\/uploads\/2025\/04\/Image-2.jpg 404w, https:\/\/vanessamagan.fr\/wp-content\/uploads\/2025\/04\/Image-2-243x300.jpg 243w\" sizes=\"(max-width: 404px) 100vw, 404px\" \/>\t\t\t\t\t\t\t\t\t\t\t\t\t\t\t<\/div>\n\t\t\t\t<\/div>\n\t\t\t\t<\/div>\n\t\t<div class=\"elementor-element elementor-element-b935dcc e-con-full e-flex e-con e-child\" data-id=\"b935dcc\" data-element_type=\"container\">\n\t\t\t\t<div class=\"elementor-element elementor-element-e717abf elementor-widget elementor-widget-spacer\" data-id=\"e717abf\" data-element_type=\"widget\" data-widget_type=\"spacer.default\">\n\t\t\t\t<div class=\"elementor-widget-container\">\n\t\t\t\t\t\t\t<div class=\"elementor-spacer\">\n\t\t\t<div class=\"elementor-spacer-inner\"><\/div>\n\t\t<\/div>\n\t\t\t\t\t\t<\/div>\n\t\t\t\t<\/div>\n\t\t\t\t<div class=\"elementor-element elementor-element-47835bd elementor-widget elementor-widget-heading\" data-id=\"47835bd\" data-element_type=\"widget\" data-widget_type=\"heading.default\">\n\t\t\t\t<div class=\"elementor-widget-container\">\n\t\t\t\t\t<h2 class=\"elementor-heading-title elementor-size-default\">MES COACHINGS EN VISIO OU AU CABINET<\/h2>\t\t\t\t<\/div>\n\t\t\t\t<\/div>\n\t\t\t\t<div class=\"elementor-element elementor-element-bb09ea3 elementor-widget elementor-widget-spacer\" data-id=\"bb09ea3\" data-element_type=\"widget\" data-widget_type=\"spacer.default\">\n\t\t\t\t<div class=\"elementor-widget-container\">\n\t\t\t\t\t\t\t<div class=\"elementor-spacer\">\n\t\t\t<div class=\"elementor-spacer-inner\"><\/div>\n\t\t<\/div>\n\t\t\t\t\t\t<\/div>\n\t\t\t\t<\/div>\n\t\t\t\t<div class=\"elementor-element elementor-element-f365340 elementor-widget__width-initial elementor-widget elementor-widget-text-editor\" data-id=\"f365340\" data-element_type=\"widget\" data-widget_type=\"text-editor.default\">\n\t\t\t\t<div class=\"elementor-widget-container\">\n\t\t\t\t\t\t\t\t\t<p dir=\"ltr\" style=\"line-height: 1.38; margin-top: 0pt; margin-bottom: 0pt;\"><span style=\"font-size: 11pt; font-family: 'Trebuchet MS', sans-serif; color: #000000; background-color: transparent; font-weight: 400; font-style: normal; font-variant-ligatures: normal; font-variant-caps: normal; font-variant-alternates: normal; font-variant-numeric: normal; font-variant-east-asian: normal; font-variant-position: normal; text-decoration: none; vertical-align: baseline; white-space: pre-wrap;\">Ma m\u00e9thode est diff\u00e9rente et personnalis\u00e9e, en fonction de la probl\u00e9matique et du alimentaire de chacun :<\/span><\/p><p dir=\"ltr\" style=\"box-sizing: inherit; -webkit-font-smoothing: antialiased; margin: 0px; caret-color: #555555; color: #555555; font-family: Lora; font-size: 20px;\"><b id=\"docs-internal-guid-6bc30a51-7fff-d2ab-3c5e-f83029f88476\" style=\"font-style: normal; font-variant-caps: normal; letter-spacing: normal; orphans: auto; text-align: start; text-indent: 0px; text-transform: none; white-space: normal; widows: auto; word-spacing: 0px; -webkit-text-stroke-width: 0px; text-decoration: none; caret-color: #000000; color: #000000; font-weight: normal;\">\u00a0<\/b><\/p><p dir=\"ltr\" style=\"line-height: 1.38; margin-top: 0pt; margin-bottom: 0pt;\"><span style=\"font-size: 11pt; font-family: 'Trebuchet MS', sans-serif; color: #000000; background-color: transparent; font-weight: 400; font-style: normal; font-variant-ligatures: normal; font-variant-caps: normal; font-variant-alternates: normal; font-variant-numeric: normal; font-variant-east-asian: normal; font-variant-position: normal; text-decoration: none; vertical-align: baseline; white-space: pre-wrap;\">&#8211; Analyse du comportement alimentaire psycho-\u00e9motionnel et mise en place de la m\u00e9thode sp\u00e9cifique.<\/span><\/p><p dir=\"ltr\" style=\"line-height: 1.38; margin-top: 0pt; margin-bottom: 0pt;\"><span style=\"font-size: 11pt; font-family: 'Trebuchet MS', sans-serif; color: #000000; background-color: transparent; font-weight: 400; font-style: normal; font-variant-ligatures: normal; font-variant-caps: normal; font-variant-alternates: normal; font-variant-numeric: normal; font-variant-east-asian: normal; font-variant-position: normal; text-decoration: none; vertical-align: baseline; white-space: pre-wrap;\">&#8211; R\u00e9\u00e9ducation du comportement alimentaire et reprogrammation du cerveau \u00e9motionnel<\/span><\/p><p dir=\"ltr\" style=\"line-height: 1.38; margin-top: 0pt; margin-bottom: 0pt;\"><span style=\"font-size: 11pt; font-family: 'Trebuchet MS', sans-serif; color: #000000; background-color: transparent; font-weight: 400; font-style: normal; font-variant-ligatures: normal; font-variant-caps: normal; font-variant-alternates: normal; font-variant-numeric: normal; font-variant-east-asian: normal; font-variant-position: normal; text-decoration: none; vertical-align: baseline; white-space: pre-wrap;\">&#8211; Pas de restrictions ni d&rsquo;aliments interdits, pas non plus de phase de stabilisation ce qui permet un r\u00e9sultat durable<\/span><\/p><p dir=\"ltr\" style=\"box-sizing: inherit; -webkit-font-smoothing: antialiased; margin: 0px; caret-color: #555555; color: #555555; font-family: Lora; font-size: 20px;\"><b style=\"font-style: normal; font-variant-caps: normal; letter-spacing: normal; orphans: auto; text-align: start; text-indent: 0px; text-transform: none; white-space: normal; widows: auto; word-spacing: 0px; -webkit-text-stroke-width: 0px; text-decoration: none; caret-color: #000000; color: #000000; font-weight: normal;\">\u00a0<\/b><\/p><p dir=\"ltr\" style=\"line-height: 1.38; margin-top: 0pt; margin-bottom: 0pt;\"><span style=\"font-size: 11pt; font-family: 'Trebuchet MS', sans-serif; color: #000000; background-color: transparent; font-weight: 400; font-style: normal; font-variant-ligatures: normal; font-variant-caps: normal; font-variant-alternates: normal; font-variant-numeric: normal; font-variant-east-asian: normal; font-variant-position: normal; text-decoration: none; vertical-align: baseline; white-space: pre-wrap;\">Cette approche globale permet d&rsquo;obtenir des r\u00e9sultats durables. Les suivis sont r\u00e9alis\u00e9s au cabinet mais \u00e9galement en VISIO.<\/span><\/p><p dir=\"ltr\" style=\"box-sizing: inherit; -webkit-font-smoothing: antialiased; margin: 0px; caret-color: #555555; color: #555555; font-family: Lora; font-size: 20px;\"><span style=\"caret-color: #000000; color: #000000;\">\u00a0<\/span><\/p>\t\t\t\t\t\t\t\t<\/div>\n\t\t\t\t<\/div>\n\t\t\t\t<\/div>\n\t\t\t\t\t<\/div>\n\t\t\t\t<\/div>\n\t\t<div class=\"elementor-element elementor-element-bde0139 e-flex e-con-boxed e-con e-parent\" data-id=\"bde0139\" data-element_type=\"container\">\n\t\t\t\t\t<div class=\"e-con-inner\">\n\t\t\t\t<div class=\"elementor-element elementor-element-6dbc2fb elementor-widget elementor-widget-spacer\" data-id=\"6dbc2fb\" data-element_type=\"widget\" data-widget_type=\"spacer.default\">\n\t\t\t\t<div class=\"elementor-widget-container\">\n\t\t\t\t\t\t\t<div class=\"elementor-spacer\">\n\t\t\t<div class=\"elementor-spacer-inner\"><\/div>\n\t\t<\/div>\n\t\t\t\t\t\t<\/div>\n\t\t\t\t<\/div>\n\t\t<div class=\"elementor-element elementor-element-4a4bae0 e-con-full e-flex e-con e-child\" data-id=\"4a4bae0\" data-element_type=\"container\" data-settings=\"{&quot;background_background&quot;:&quot;classic&quot;}\">\n\t\t\t\t<div class=\"elementor-element elementor-element-ea1bdd8 elementor-widget elementor-widget-image\" data-id=\"ea1bdd8\" data-element_type=\"widget\" data-widget_type=\"image.default\">\n\t\t\t\t<div class=\"elementor-widget-container\">\n\t\t\t\t\t\t\t\t\t\t\t\t\t\t\t<img decoding=\"async\" width=\"724\" height=\"1024\" src=\"https:\/\/vanessamagan.fr\/wp-content\/uploads\/2025\/07\/BILAN-1H15-120-E-ensuite-La-CONSULTATION-COACHING-de-SUIVI-1h-100-E-OU-Possibilite-de-FORFAIT-pour-3-mois-daccompagnement-257-Emois-1er-mois-BILAN-1H15-1-SUIVI-COACHING-1h-par-semaine-4-1-724x1024.jpg\" class=\"attachment-large size-large wp-image-827\" alt=\"\" srcset=\"https:\/\/vanessamagan.fr\/wp-content\/uploads\/2025\/07\/BILAN-1H15-120-E-ensuite-La-CONSULTATION-COACHING-de-SUIVI-1h-100-E-OU-Possibilite-de-FORFAIT-pour-3-mois-daccompagnement-257-Emois-1er-mois-BILAN-1H15-1-SUIVI-COACHING-1h-par-semaine-4-1-724x1024.jpg 724w, https:\/\/vanessamagan.fr\/wp-content\/uploads\/2025\/07\/BILAN-1H15-120-E-ensuite-La-CONSULTATION-COACHING-de-SUIVI-1h-100-E-OU-Possibilite-de-FORFAIT-pour-3-mois-daccompagnement-257-Emois-1er-mois-BILAN-1H15-1-SUIVI-COACHING-1h-par-semaine-4-1-212x300.jpg 212w, https:\/\/vanessamagan.fr\/wp-content\/uploads\/2025\/07\/BILAN-1H15-120-E-ensuite-La-CONSULTATION-COACHING-de-SUIVI-1h-100-E-OU-Possibilite-de-FORFAIT-pour-3-mois-daccompagnement-257-Emois-1er-mois-BILAN-1H15-1-SUIVI-COACHING-1h-par-semaine-4-1-768x1086.jpg 768w, https:\/\/vanessamagan.fr\/wp-content\/uploads\/2025\/07\/BILAN-1H15-120-E-ensuite-La-CONSULTATION-COACHING-de-SUIVI-1h-100-E-OU-Possibilite-de-FORFAIT-pour-3-mois-daccompagnement-257-Emois-1er-mois-BILAN-1H15-1-SUIVI-COACHING-1h-par-semaine-4-1-1086x1536.jpg 1086w, https:\/\/vanessamagan.fr\/wp-content\/uploads\/2025\/07\/BILAN-1H15-120-E-ensuite-La-CONSULTATION-COACHING-de-SUIVI-1h-100-E-OU-Possibilite-de-FORFAIT-pour-3-mois-daccompagnement-257-Emois-1er-mois-BILAN-1H15-1-SUIVI-COACHING-1h-par-semaine-4-1.jpg 1414w\" sizes=\"(max-width: 724px) 100vw, 724px\" \/>\t\t\t\t\t\t\t\t\t\t\t\t\t\t\t<\/div>\n\t\t\t\t<\/div>\n\t\t\t\t<\/div>\n\t\t\t\t<div class=\"elementor-element elementor-element-226601b elementor-widget elementor-widget-spacer\" data-id=\"226601b\" data-element_type=\"widget\" data-widget_type=\"spacer.default\">\n\t\t\t\t<div class=\"elementor-widget-container\">\n\t\t\t\t\t\t\t<div class=\"elementor-spacer\">\n\t\t\t<div class=\"elementor-spacer-inner\"><\/div>\n\t\t<\/div>\n\t\t\t\t\t\t<\/div>\n\t\t\t\t<\/div>\n\t\t\t\t\t<\/div>\n\t\t\t\t<\/div>\n\t\t<div class=\"elementor-element elementor-element-1cbd67d e-flex e-con-boxed e-con e-parent\" data-id=\"1cbd67d\" data-element_type=\"container\">\n\t\t\t\t\t<div class=\"e-con-inner\">\n\t\t\t\t<div class=\"elementor-element elementor-element-d593d48 elementor-align-center elementor-widget elementor-widget-button\" data-id=\"d593d48\" data-element_type=\"widget\" data-widget_type=\"button.default\">\n\t\t\t\t<div class=\"elementor-widget-container\">\n\t\t\t\t\t\t\t\t\t<div class=\"elementor-button-wrapper\">\n\t\t\t\t\t<a class=\"elementor-button elementor-button-link elementor-size-sm\" href=\"https:\/\/prendre-mon-rdv.com\/magan-vanessa\/coach\/saint-remy-de-provence\">\n\t\t\t\t\t\t<span class=\"elementor-button-content-wrapper\">\n\t\t\t\t\t\t\t\t\t<span class=\"elementor-button-text\">PRENDRE RENDEZ-VOUS <\/span>\n\t\t\t\t\t<\/span>\n\t\t\t\t\t<\/a>\n\t\t\t\t<\/div>\n\t\t\t\t\t\t\t\t<\/div>\n\t\t\t\t<\/div>\n\t\t\t\t\t<\/div>\n\t\t\t\t<\/div>\n\t\t<div class=\"elementor-element elementor-element-70f5193 e-flex e-con-boxed e-con e-parent\" data-id=\"70f5193\" data-element_type=\"container\">\n\t\t\t\t\t<div class=\"e-con-inner\">\n\t\t\t\t<div class=\"elementor-element elementor-element-5bcc4f7 elementor-widget elementor-widget-spacer\" data-id=\"5bcc4f7\" data-element_type=\"widget\" data-widget_type=\"spacer.default\">\n\t\t\t\t<div class=\"elementor-widget-container\">\n\t\t\t\t\t\t\t<div class=\"elementor-spacer\">\n\t\t\t<div class=\"elementor-spacer-inner\"><\/div>\n\t\t<\/div>\n\t\t\t\t\t\t<\/div>\n\t\t\t\t<\/div>\n\t\t\t\t<div class=\"elementor-element elementor-element-4d2084d elementor-widget elementor-widget-heading\" data-id=\"4d2084d\" data-element_type=\"widget\" data-widget_type=\"heading.default\">\n\t\t\t\t<div class=\"elementor-widget-container\">\n\t\t\t\t\t<h2 class=\"elementor-heading-title elementor-size-default\">T\u00e9moignages ...<\/h2>\t\t\t\t<\/div>\n\t\t\t\t<\/div>\n\t\t\t\t\t<\/div>\n\t\t\t\t<\/div>\n\t\t<div class=\"elementor-element elementor-element-119b8d2 e-flex e-con-boxed e-con e-parent\" data-id=\"119b8d2\" data-element_type=\"container\">\n\t\t\t\t\t<div class=\"e-con-inner\">\n\t\t<div class=\"elementor-element elementor-element-185117c e-con-full e-flex e-con e-child\" data-id=\"185117c\" data-element_type=\"container\">\n\t\t\t\t<div class=\"elementor-element elementor-element-1457a90 elementor-widget elementor-widget-video\" data-id=\"1457a90\" data-element_type=\"widget\" data-settings=\"{&quot;video_type&quot;:&quot;hosted&quot;,&quot;controls&quot;:&quot;yes&quot;}\" data-widget_type=\"video.default\">\n\t\t\t\t<div class=\"elementor-widget-container\">\n\t\t\t\t\t\t\t<div class=\"e-hosted-video elementor-wrapper elementor-open-inline\">\n\t\t\t\t\t<video class=\"elementor-video\" src=\"https:\/\/vanessamagan.fr\/wp-content\/uploads\/2025\/07\/Design-sans-titre-1.mp4\" controls=\"\" preload=\"metadata\" controlsList=\"nodownload\"><\/video>\n\t\t\t\t<\/div>\n\t\t\t\t\t\t<\/div>\n\t\t\t\t<\/div>\n\t\t\t\t<\/div>\n\t\t<div class=\"elementor-element elementor-element-8122dcf e-con-full e-flex e-con e-child\" data-id=\"8122dcf\" data-element_type=\"container\">\n\t\t\t\t<div class=\"elementor-element elementor-element-d7df39b elementor-widget elementor-widget-video\" data-id=\"d7df39b\" data-element_type=\"widget\" data-settings=\"{&quot;video_type&quot;:&quot;hosted&quot;,&quot;controls&quot;:&quot;yes&quot;}\" data-widget_type=\"video.default\">\n\t\t\t\t<div class=\"elementor-widget-container\">\n\t\t\t\t\t\t\t<div class=\"e-hosted-video elementor-wrapper elementor-open-inline\">\n\t\t\t\t\t<video class=\"elementor-video\" src=\"https:\/\/vanessamagan.fr\/wp-content\/uploads\/2025\/07\/Design-sans-titre-2.mp4\" controls=\"\" preload=\"metadata\" controlsList=\"nodownload\"><\/video>\n\t\t\t\t<\/div>\n\t\t\t\t\t\t<\/div>\n\t\t\t\t<\/div>\n\t\t\t\t<\/div>\n\t\t\t\t\t<\/div>\n\t\t\t\t<\/div>\n\t\t<div class=\"elementor-element elementor-element-8b6ec55 e-flex e-con-boxed e-con e-parent\" data-id=\"8b6ec55\" data-element_type=\"container\">\n\t\t\t\t\t<div class=\"e-con-inner\">\n\t\t\t\t<div class=\"elementor-element elementor-element-f537953 elementor-widget elementor-widget-spacer\" data-id=\"f537953\" data-element_type=\"widget\" data-widget_type=\"spacer.default\">\n\t\t\t\t<div class=\"elementor-widget-container\">\n\t\t\t\t\t\t\t<div class=\"elementor-spacer\">\n\t\t\t<div class=\"elementor-spacer-inner\"><\/div>\n\t\t<\/div>\n\t\t\t\t\t\t<\/div>\n\t\t\t\t<\/div>\n\t\t\t\t\t<\/div>\n\t\t\t\t<\/div>\n\t\t\t\t<\/div>\n\t\t","protected":false},"excerpt":{"rendered":"<p>\u00ab\u00a0Le plus grand des voyages commence toujours par un pas\u00a0\u00bb &#8211; Lao Tseu MES COACHINGS EN VISIO OU AU CABINET Ma m\u00e9thode est diff\u00e9rente et personnalis\u00e9e, en fonction de la probl\u00e9matique et du alimentaire de chacun : \u00a0 &#8211; Analyse du comportement alimentaire psycho-\u00e9motionnel et mise en place de la m\u00e9thode sp\u00e9cifique. &#8211; R\u00e9\u00e9ducation du [&hellip;]<\/p>\n","protected":false},"author":1,"featured_media":0,"parent":0,"menu_order":0,"comment_status":"closed","ping_status":"closed","template":"elementor_header_footer","meta":{"footnotes":""},"class_list":["post-196","page","type-page","status-publish","hentry"],"yoast_head":"<!-- This site is optimized with the Yoast SEO plugin v24.8.1 - https:\/\/yoast.com\/wordpress\/plugins\/seo\/ -->\n<title>COACHING -<\/title>\n<meta name=\"robots\" content=\"index, follow, max-snippet:-1, max-image-preview:large, max-video-preview:-1\" \/>\n<link rel=\"canonical\" href=\"https:\/\/vanessamagan.fr\/index.php\/coaching\/\" \/>\n<meta property=\"og:locale\" content=\"fr_FR\" \/>\n<meta property=\"og:type\" content=\"article\" \/>\n<meta property=\"og:title\" content=\"COACHING -\" \/>\n<meta property=\"og:description\" content=\"\u00ab\u00a0Le plus grand des voyages commence toujours par un pas\u00a0\u00bb &#8211; Lao Tseu MES COACHINGS EN VISIO OU AU CABINET Ma m\u00e9thode est diff\u00e9rente et personnalis\u00e9e, en fonction de la probl\u00e9matique et du alimentaire de chacun : \u00a0 &#8211; Analyse du comportement alimentaire psycho-\u00e9motionnel et mise en place de la m\u00e9thode sp\u00e9cifique. &#8211; R\u00e9\u00e9ducation du [&hellip;]\" \/>\n<meta property=\"og:url\" content=\"https:\/\/vanessamagan.fr\/index.php\/coaching\/\" \/>\n<meta property=\"article:modified_time\" content=\"2025-09-28T17:53:54+00:00\" \/>\n<meta property=\"og:image\" content=\"https:\/\/vanessamagan.fr\/wp-content\/uploads\/2025\/07\/1.jpg\" \/>\n\t<meta property=\"og:image:width\" content=\"1584\" \/>\n\t<meta property=\"og:image:height\" content=\"396\" \/>\n\t<meta property=\"og:image:type\" content=\"image\/jpeg\" \/>\n<meta name=\"twitter:card\" content=\"summary_large_image\" \/>\n<meta name=\"twitter:label1\" content=\"Dur\u00e9e de lecture estim\u00e9e\" \/>\n\t<meta name=\"twitter:data1\" content=\"2 minutes\" \/>\n<script type=\"application\/ld+json\" class=\"yoast-schema-graph\">{\"@context\":\"https:\/\/schema.org\",\"@graph\":[{\"@type\":\"WebPage\",\"@id\":\"https:\/\/vanessamagan.fr\/index.php\/coaching\/\",\"url\":\"https:\/\/vanessamagan.fr\/index.php\/coaching\/\",\"name\":\"COACHING -\",\"isPartOf\":{\"@id\":\"https:\/\/vanessamagan.fr\/#website\"},\"primaryImageOfPage\":{\"@id\":\"https:\/\/vanessamagan.fr\/index.php\/coaching\/#primaryimage\"},\"image\":{\"@id\":\"https:\/\/vanessamagan.fr\/index.php\/coaching\/#primaryimage\"},\"thumbnailUrl\":\"https:\/\/vanessamagan.fr\/wp-content\/uploads\/2025\/07\/1-1536x384.jpg\",\"datePublished\":\"2025-04-05T16:48:01+00:00\",\"dateModified\":\"2025-09-28T17:53:54+00:00\",\"breadcrumb\":{\"@id\":\"https:\/\/vanessamagan.fr\/index.php\/coaching\/#breadcrumb\"},\"inLanguage\":\"fr-FR\",\"potentialAction\":[{\"@type\":\"ReadAction\",\"target\":[\"https:\/\/vanessamagan.fr\/index.php\/coaching\/\"]}]},{\"@type\":\"ImageObject\",\"inLanguage\":\"fr-FR\",\"@id\":\"https:\/\/vanessamagan.fr\/index.php\/coaching\/#primaryimage\",\"url\":\"https:\/\/vanessamagan.fr\/wp-content\/uploads\/2025\/07\/1.jpg\",\"contentUrl\":\"https:\/\/vanessamagan.fr\/wp-content\/uploads\/2025\/07\/1.jpg\",\"width\":1584,\"height\":396},{\"@type\":\"BreadcrumbList\",\"@id\":\"https:\/\/vanessamagan.fr\/index.php\/coaching\/#breadcrumb\",\"itemListElement\":[{\"@type\":\"ListItem\",\"position\":1,\"name\":\"Accueil\",\"item\":\"https:\/\/vanessamagan.fr\/\"},{\"@type\":\"ListItem\",\"position\":2,\"name\":\"COACHING\"}]},{\"@type\":\"WebSite\",\"@id\":\"https:\/\/vanessamagan.fr\/#website\",\"url\":\"https:\/\/vanessamagan.fr\/\",\"name\":\"\",\"description\":\"Un site utilisant WordPress\",\"potentialAction\":[{\"@type\":\"SearchAction\",\"target\":{\"@type\":\"EntryPoint\",\"urlTemplate\":\"https:\/\/vanessamagan.fr\/?s={search_term_string}\"},\"query-input\":{\"@type\":\"PropertyValueSpecification\",\"valueRequired\":true,\"valueName\":\"search_term_string\"}}],\"inLanguage\":\"fr-FR\"}]}<\/script>\n<!-- \/ Yoast SEO plugin. -->","yoast_head_json":{"title":"COACHING -","robots":{"index":"index","follow":"follow","max-snippet":"max-snippet:-1","max-image-preview":"max-image-preview:large","max-video-preview":"max-video-preview:-1"},"canonical":"https:\/\/vanessamagan.fr\/index.php\/coaching\/","og_locale":"fr_FR","og_type":"article","og_title":"COACHING -","og_description":"\u00ab\u00a0Le plus grand des voyages commence toujours par un pas\u00a0\u00bb &#8211; Lao Tseu MES COACHINGS EN VISIO OU AU CABINET Ma m\u00e9thode est diff\u00e9rente et personnalis\u00e9e, en fonction de la probl\u00e9matique et du alimentaire de chacun : \u00a0 &#8211; Analyse du comportement alimentaire psycho-\u00e9motionnel et mise en place de la m\u00e9thode sp\u00e9cifique. &#8211; R\u00e9\u00e9ducation du [&hellip;]","og_url":"https:\/\/vanessamagan.fr\/index.php\/coaching\/","article_modified_time":"2025-09-28T17:53:54+00:00","og_image":[{"width":1584,"height":396,"url":"https:\/\/vanessamagan.fr\/wp-content\/uploads\/2025\/07\/1.jpg","type":"image\/jpeg"}],"twitter_card":"summary_large_image","twitter_misc":{"Dur\u00e9e de lecture estim\u00e9e":"2 minutes"},"schema":{"@context":"https:\/\/schema.org","@graph":[{"@type":"WebPage","@id":"https:\/\/vanessamagan.fr\/index.php\/coaching\/","url":"https:\/\/vanessamagan.fr\/index.php\/coaching\/","name":"COACHING -","isPartOf":{"@id":"https:\/\/vanessamagan.fr\/#website"},"primaryImageOfPage":{"@id":"https:\/\/vanessamagan.fr\/index.php\/coaching\/#primaryimage"},"image":{"@id":"https:\/\/vanessamagan.fr\/index.php\/coaching\/#primaryimage"},"thumbnailUrl":"https:\/\/vanessamagan.fr\/wp-content\/uploads\/2025\/07\/1-1536x384.jpg","datePublished":"2025-04-05T16:48:01+00:00","dateModified":"2025-09-28T17:53:54+00:00","breadcrumb":{"@id":"https:\/\/vanessamagan.fr\/index.php\/coaching\/#breadcrumb"},"inLanguage":"fr-FR","potentialAction":[{"@type":"ReadAction","target":["https:\/\/vanessamagan.fr\/index.php\/coaching\/"]}]},{"@type":"ImageObject","inLanguage":"fr-FR","@id":"https:\/\/vanessamagan.fr\/index.php\/coaching\/#primaryimage","url":"https:\/\/vanessamagan.fr\/wp-content\/uploads\/2025\/07\/1.jpg","contentUrl":"https:\/\/vanessamagan.fr\/wp-content\/uploads\/2025\/07\/1.jpg","width":1584,"height":396},{"@type":"BreadcrumbList","@id":"https:\/\/vanessamagan.fr\/index.php\/coaching\/#breadcrumb","itemListElement":[{"@type":"ListItem","position":1,"name":"Accueil","item":"https:\/\/vanessamagan.fr\/"},{"@type":"ListItem","position":2,"name":"COACHING"}]},{"@type":"WebSite","@id":"https:\/\/vanessamagan.fr\/#website","url":"https:\/\/vanessamagan.fr\/","name":"","description":"Un site utilisant WordPress","potentialAction":[{"@type":"SearchAction","target":{"@type":"EntryPoint","urlTemplate":"https:\/\/vanessamagan.fr\/?s={search_term_string}"},"query-input":{"@type":"PropertyValueSpecification","valueRequired":true,"valueName":"search_term_string"}}],"inLanguage":"fr-FR"}]}},"_links":{"self":[{"href":"https:\/\/vanessamagan.fr\/index.php\/wp-json\/wp\/v2\/pages\/196","targetHints":{"allow":["GET"]}}],"collection":[{"href":"https:\/\/vanessamagan.fr\/index.php\/wp-json\/wp\/v2\/pages"}],"about":[{"href":"https:\/\/vanessamagan.fr\/index.php\/wp-json\/wp\/v2\/types\/page"}],"author":[{"embeddable":true,"href":"https:\/\/vanessamagan.fr\/index.php\/wp-json\/wp\/v2\/users\/1"}],"replies":[{"embeddable":true,"href":"https:\/\/vanessamagan.fr\/index.php\/wp-json\/wp\/v2\/comments?post=196"}],"version-history":[{"count":118,"href":"https:\/\/vanessamagan.fr\/index.php\/wp-json\/wp\/v2\/pages\/196\/revisions"}],"predecessor-version":[{"id":2202,"href":"https:\/\/vanessamagan.fr\/index.php\/wp-json\/wp\/v2\/pages\/196\/revisions\/2202"}],"wp:attachment":[{"href":"https:\/\/vanessamagan.fr\/index.php\/wp-json\/wp\/v2\/media?parent=196"}],"curies":[{"name":"wp","href":"https:\/\/api.w.org\/{rel}","templated":true}]}}